{"id":259,"date":"2014-09-28T20:18:48","date_gmt":"2014-09-28T18:18:48","guid":{"rendered":"http:\/\/oliverko.lima-city.de\/wordpress\/?page_id=259"},"modified":"2018-08-13T13:17:00","modified_gmt":"2018-08-13T11:17:00","slug":"impressum","status":"publish","type":"page","link":"http:\/\/www.tmk-schoenbuehel.at\/wordpress\/?page_id=259","title":{"rendered":"Impressum"},"content":{"rendered":"<h1><span style=\"text-decoration: underline;\">Impressum<\/span><\/h1>\n<p>&nbsp;<\/p>\n<p><span style=\"color: #0000ff;\"><strong><em>Inhaber, Herausgeber und f\u00fcr den Inhalt verantwortlich:<\/em><\/strong><\/span><\/p>\n<p><strong>TRACHTENMUSIKKAPELLE SCH\u00d6NB\u00dcHEL<\/strong><\/p>\n<p>A-3392 Sch\u00f6nb\u00fchel<br \/>\nEmail: <a title=\"TMK Email\" href=\"mailto:kontakt@tmk-schoenbuehel.at\">kontakt@tmk-schoenbuehel.at<\/a><\/p>\n<p><strong>Obmann:<\/strong> Franz Schuster<br \/>\n<strong>Seitengestaltung:<\/strong> Andreas Koitz&nbsp;&nbsp; Email: <a title=\"Email - Anderas Koitz\" href=\"mailto:andreas.koitz@tmk-schoenbuehel.at\">andreas.koitz@tmk-schoenbuehel.at<\/a><\/p>\n<p><span style=\"color: #0000ff;\"><em><strong>Bilder und Grafiken:<\/strong><\/em><\/span><\/p>\n<p>Trachtenmusikkapelle Sch\u00f6nb\u00fchel falls nicht anders angegeben.<\/p>\n<p><a title=\"Datenschutzinformation gem. Art 13 DSGV\" href=\"http:\/\/www.tmk-schoenbuehel.at\/wordpress\/?page_id=2807\"><span style=\"color: #0000ff;\"><em><strong><u>Datenschutzinformation gem. Art 13 DSGVO<\/u><\/strong><\/em><\/span><\/a><\/p>\n<p><span style=\"color: #3366ff;\"><em><strong><span style=\"color: #0000ff;\">Haftungsausschluss<\/span> <\/strong><\/em><\/span><\/p>\n<p>Die auf der Seite zur Verf\u00fcgung gestellten Inhalte dienen zur Information des Seitenbesuchers.<br \/>\nEs wird keine Gew\u00e4hr auf Vollst\u00e4ndigkeit und Richtigkeit der Inhalte gegeben.<br \/>\nJede erdenkliche Haftung f\u00fcr Sch\u00e4den, die aus der Benutzung und Verwertung der bereitgestellten Informationen entsteht wird f\u00fcr den Betreiber der Seite ausgeschlossen.<br \/>\nFerner wird keine Gew\u00e4hr auf die Verf\u00fcgbarkeit der Homepage samt Inhalte \u00fcbernommen.<\/p>\n<p><span style=\"color: #0000ff;\"><em><strong>Copyright<\/strong><\/em><\/span><\/p>\n<p>Die Inhalte dieser Hompage sind geistiges Eigentum der Trachtenmusikkapelle Sch\u00f6nb\u00fchel.<br \/>\nDie Verwendung dieser dienen ausschlie\u00dflich dem privaten Gebrauch.<br \/>\nJede sonstige Nutzung wie Speicherung und Vervielf\u00e4ltigung von Inhalten, besonders die gewerbliche Nutzung bedarf der schriftlichen Zustimmung des Seitenbetreibers bzw. des Rechteinhabers.<\/p>\n<p>Hyperlinks auf diese Seite sind willkommen wenn der Ursprung der Inhalte erkennbar und eine Irref\u00fchrung , sowohl bewusst als auch unbewusst, des Benutzers ausgeschlossen ist.<\/p>\n<p><span style=\"color: #0000ff;\"><em><strong>Datenschutz<\/strong><\/em><\/span><\/p>\n<p>Auf der Seite angegebene Daten von nat\u00fcrlichen und juristischen Personen &nbsp;erfolgen auf freiwilliger Basis und Einvernehmen mit der genannten Person. Die Verwertung dieser Daten ist in jeglicher Form untersagt. Dies gilt besonders f\u00fcr nicht autorisierte Werbeinhalte (SPAM-Mails)<\/p>\n<p><span style=\"color: #0000ff;\"><em><strong>Verlinkungen externer Seiten<\/strong><\/em><\/span><\/p>\n<p>Die auf der Homepage enthalten Links auf Seiten anderer Betreiber, werden bei der Einrichtung auf die grundlegende Art der Inhalte, welche auf diesen Seiten angeboten werden, \u00fcberpr\u00fcft.<br \/>\nEs ist der Trachtenmusikkapelle Sch\u00f6nb\u00fchel nicht zumutbar, die Gesetzeskonformit\u00e4t der verlinkten Seiten permanent zu \u00fcberpr\u00fcfen.<br \/>\nDie Trachtenmusikkapelle distanziert sich ausdr\u00fccklich, von jedem illegalen Inhalt einer verlinkten Seite.<br \/>\nSollte der Trachtenmusikkapelle Sch\u00f6nb\u00fchel bekannt werden, dass verlinkte Seiten gesetzeswidrige Inhalte oder Links enthalten, werden die Verlinkungen unmittelbar nach dem Bekanntwerden gel\u00f6scht.<\/p>\n<p>&nbsp;<\/p>\n<p>&nbsp;<\/p>\n<h6>&nbsp;<\/h6>\n","protected":false},"excerpt":{"rendered":"<p>Impressum &nbsp; Inhaber, Herausgeber und f\u00fcr den Inhalt verantwortlich: TRACHTENMUSIKKAPELLE SCH\u00d6NB\u00dcHEL A-3392 Sch\u00f6nb\u00fchel Email: kontakt@tmk-schoenbuehel.at Obmann: Franz Schuster Seitengestaltung: Andreas Koitz&nbsp;&nbsp; Email: andreas.koitz@tmk-schoenbuehel.at Bilder und Grafiken: Trachtenmusikkapelle Sch\u00f6nb\u00fchel falls nicht anders angegeben. Datenschutzinformation gem. Art 13 DSGVO Haftungsausschluss Die auf der Seite zur Verf\u00fcgung gestellten Inhalte dienen zur Information des Seitenbesuchers. Es wird keine Gew\u00e4hr&hellip;<\/p>\n","protected":false},"author":1,"featured_media":0,"parent":0,"menu_order":60,"comment_status":"closed","ping_status":"closed","template":"page-templates\/template-full-width.php","meta":{"ngg_post_thumbnail":0,"_themeisle_gutenberg_block_has_review":false},"_links":{"self":[{"href":"http:\/\/www.tmk-schoenbuehel.at\/wordpress\/index.php?rest_route=\/wp\/v2\/pages\/259"}],"collection":[{"href":"http:\/\/www.tmk-schoenbuehel.at\/wordpress\/index.php?rest_route=\/wp\/v2\/pages"}],"about":[{"href":"http:\/\/www.tmk-schoenbuehel.at\/wordpress\/index.php?rest_route=\/wp\/v2\/types\/page"}],"author":[{"embeddable":true,"href":"http:\/\/www.tmk-schoenbuehel.at\/wordpress\/index.php?rest_route=\/wp\/v2\/users\/1"}],"replies":[{"embeddable":true,"href":"http:\/\/www.tmk-schoenbuehel.at\/wordpress\/index.php?rest_route=%2Fwp%2Fv2%2Fcomments&post=259"}],"version-history":[{"count":0,"href":"http:\/\/www.tmk-schoenbuehel.at\/wordpress\/index.php?rest_route=\/wp\/v2\/pages\/259\/revisions"}],"wp:attachment":[{"href":"http:\/\/www.tmk-schoenbuehel.at\/wordpress\/index.php?rest_route=%2Fwp%2Fv2%2Fmedia&parent=259"}],"curies":[{"name":"wp","href":"https:\/\/api.w.org\/{rel}","templated":true}]}}