{"id":296,"date":"2014-10-04T16:42:21","date_gmt":"2014-10-04T14:42:21","guid":{"rendered":"http:\/\/oliverko.lima-city.de\/wordpress\/?page_id=296"},"modified":"2017-11-04T12:07:46","modified_gmt":"2017-11-04T11:07:46","slug":"links","status":"publish","type":"page","link":"http:\/\/www.tmk-schoenbuehel.at\/wordpress\/?page_id=296","title":{"rendered":"Links"},"content":{"rendered":"<p>&nbsp;<\/p>\n<p><span class=\"Apple-style-span\" style=\"color: #000000;\">&nbsp;<\/span><\/p>\n<h1>Institutionen<\/h1>\n<p><span style=\"color: #000000;\"><a style=\"color: #000000;\" href=\"http:\/\/www.schoenbuehel.at\" target=\"_blank\" rel=\"noopener\"><span style=\"text-decoration: underline;\">Marktgemeinde Sch\u00f6nb\u00fchel-Aggsbach<\/span><\/a><\/span><\/p>\n<p><span style=\"color: #000000;\"><a style=\"color: #000000;\" title=\"Schlossgut Sch\u00f6nb\u00fchel-Aggstein AG\" href=\"http:\/\/www.schoenbuehel-aggstein.at\/index.php\/willkommen.html\" target=\"_blank\" rel=\"noopener\">Schlossgut Sch\u00f6nb\u00fchel-Aggstein AG<\/a><\/span><\/p>\n<p><a title=\"Burgruine Aggstein\" href=\"http:\/\/www.ruineaggstein.at\/index.php\/home.html\" target=\"_blank\" rel=\"noopener\"><span style=\"color: #000000;\"><span style=\"text-decoration: underline;\">Burgruine Aggstein<\/span><\/span><\/a><\/p>\n<p><span style=\"color: #000000;\"><a style=\"color: #000000;\" title=\"Pfarre Sch\u00f6nb\u00fchel\" href=\"http:\/\/pfarre-schoenbuehel.at\/\" target=\"_blank\" rel=\"noopener\">Pfarre Sch\u00f6nb\u00fchel<\/a><\/span><\/p>\n<p><span style=\"color: #000000;\"><a style=\"color: #000000;\" title=\"Pfarre Aggbach-Dorf\" href=\"http:\/\/pfarre.aggsbachdorf.at\" target=\"_blank\" rel=\"noopener\">Pfarre Aggbach-Dorf<\/a><\/span><\/p>\n<p><span style=\"color: #000000;\"><a style=\"color: #000000;\" title=\"\u00d6sterreichischer Blasmusikverband\" href=\"http:\/\/www.blasmusik.at\" target=\"_blank\" rel=\"noopener\">\u00d6sterreichischer Blasmusikverband<\/a><\/span><\/p>\n<p><span style=\"color: #000000;\"><a style=\"color: #000000;\" title=\"Nieder\u00f6sterreichischer Blasmusikverband\" href=\"http:\/\/www.noebv.at\">Nieder\u00f6sterreichischer Blasmusikverband<\/a><\/span><\/p>\n<p><span style=\"color: #000000;\"><a style=\"color: #000000;\" title=\"Bezirksarbeitsgemeinschaft Melk\" href=\"http:\/\/www.bag-melk.net\" target=\"_blank\" rel=\"noopener\">Bezirksarbeitsgemeinschaft Melk<\/a><\/span><\/p>\n<p>&nbsp;<\/p>\n<h1>Befreundete Musikvereine<\/h1>\n<p><span style=\"color: #000000;\"><a style=\"color: #000000;\" title=\"Musikverein Arnsdorf\" href=\"http:\/\/www.mv-arnsdorf.at\/\" target=\"_blank\" rel=\"noopener\">Musikverein Arnsdorf<\/a><\/span><\/p>\n<p><span style=\"color: #000000;\"><a style=\"color: #000000;\" title=\"Musikverein Gerolding\" href=\"http:\/\/www.mv-gerolding.at\/\" target=\"_blank\" rel=\"noopener\">Musikverein Gerolding<\/a><\/span><\/p>\n<p><span style=\"color: #000000;\"><a style=\"color: #000000;\" title=\"Musikverein Kilb\" href=\"http:\/\/www.kilb.at\/musikverein\/\" target=\"_blank\" rel=\"noopener\">Musikverein Kilb<\/a><\/span><\/p>\n<p><span style=\"color: #000000;\"><a style=\"color: #000000;\" title=\"Musikverien Klein-P\u00f6chlarn\" href=\"http:\/\/www.mv-kleinpoechlarn.at\/\" target=\"_blank\" rel=\"noopener\">Musikverein Klein-P\u00f6chlarn<\/a><\/span><\/p>\n<p><span style=\"color: #000000;\"><a style=\"color: #000000;\" title=\"Musikverein Lehen\" href=\"http:\/\/www.musikverein-lehen.at\/\" target=\"_blank\" rel=\"noopener\">Musikverein Lehen<\/a><\/span><\/p>\n<p><span style=\"color: #000000;\"><a style=\"color: #000000;\" title=\"Musikverein Loosdorf\" href=\"https:\/\/de-de.facebook.com\/MusikvereinLoosdorf\" target=\"_blank\" rel=\"noopener\">Musikverein Loosdorf<\/a><\/span><\/p>\n<p><span style=\"color: #000000;\"><a style=\"color: #000000;\" href=\"http:\/\/www.musikverein-marbach.at\/\" target=\"_blank\" rel=\"noopener\">Musikverein Marbach<\/a><\/span><\/p>\n<p><span style=\"color: #000000;\"><a style=\"color: #000000;\" title=\"Musikverien Mauer\" href=\"http:\/\/www.musikkapelle-mauer.at\/\" target=\"_blank\" rel=\"noopener\">Musikkapelle Mauer<\/a><\/span><\/p>\n<p><span style=\"color: #000000;\"><a style=\"color: #000000;\" title=\"Musikverein N\u00f6chling\" href=\"http:\/\/www.noechling.at\/system\/web\/gelbeseite.aspx?detailonr=217402937\" target=\"_blank\" rel=\"noopener\">Musikverein N\u00f6chling<\/a><\/span><\/p>\n<p><span style=\"color: #000000;\"><a style=\"color: #000000;\" title=\"Musikkapelle Unterwei\u00dfenbach\" href=\"http:\/\/www.mkuw.at\/\" target=\"_blank\" rel=\"noopener\">Musikkapelle Unterwei\u00dfenbach<\/a><\/span><\/p>\n<p><span style=\"color: #000000;\">&nbsp;<\/span><\/p>\n","protected":false},"excerpt":{"rendered":"<p>&nbsp; &nbsp; Institutionen Marktgemeinde Sch\u00f6nb\u00fchel-Aggsbach Schlossgut Sch\u00f6nb\u00fchel-Aggstein AG Burgruine Aggstein Pfarre Sch\u00f6nb\u00fchel Pfarre Aggbach-Dorf \u00d6sterreichischer Blasmusikverband Nieder\u00f6sterreichischer Blasmusikverband Bezirksarbeitsgemeinschaft Melk &nbsp; Befreundete Musikvereine Musikverein Arnsdorf Musikverein Gerolding Musikverein Kilb Musikverein Klein-P\u00f6chlarn Musikverein Lehen Musikverein Loosdorf Musikverein Marbach Musikkapelle Mauer Musikverein N\u00f6chling Musikkapelle Unterwei\u00dfenbach &nbsp;<\/p>\n","protected":false},"author":1,"featured_media":0,"parent":0,"menu_order":120,"comment_status":"closed","ping_status":"closed","template":"page-templates\/template-full-width.php","meta":{"ngg_post_thumbnail":0,"_themeisle_gutenberg_block_has_review":false},"_links":{"self":[{"href":"http:\/\/www.tmk-schoenbuehel.at\/wordpress\/index.php?rest_route=\/wp\/v2\/pages\/296"}],"collection":[{"href":"http:\/\/www.tmk-schoenbuehel.at\/wordpress\/index.php?rest_route=\/wp\/v2\/pages"}],"about":[{"href":"http:\/\/www.tmk-schoenbuehel.at\/wordpress\/index.php?rest_route=\/wp\/v2\/types\/page"}],"author":[{"embeddable":true,"href":"http:\/\/www.tmk-schoenbuehel.at\/wordpress\/index.php?rest_route=\/wp\/v2\/users\/1"}],"replies":[{"embeddable":true,"href":"http:\/\/www.tmk-schoenbuehel.at\/wordpress\/index.php?rest_route=%2Fwp%2Fv2%2Fcomments&post=296"}],"version-history":[{"count":0,"href":"http:\/\/www.tmk-schoenbuehel.at\/wordpress\/index.php?rest_route=\/wp\/v2\/pages\/296\/revisions"}],"wp:attachment":[{"href":"http:\/\/www.tmk-schoenbuehel.at\/wordpress\/index.php?rest_route=%2Fwp%2Fv2%2Fmedia&parent=296"}],"curies":[{"name":"wp","href":"https:\/\/api.w.org\/{rel}","templated":true}]}}