{"id":723,"date":"2014-10-19T15:13:41","date_gmt":"2014-10-19T13:13:41","guid":{"rendered":"http:\/\/www.tmk-schoenbuehel.at\/wordpress\/?page_id=723"},"modified":"2014-10-19T15:16:13","modified_gmt":"2014-10-19T13:16:13","slug":"musikalische-kostproben","status":"publish","type":"page","link":"http:\/\/www.tmk-schoenbuehel.at\/wordpress\/?page_id=723","title":{"rendered":"Musikalische Kostproben"},"content":{"rendered":"<h1>Musikalische Kostproben<\/h1>\n<h2><span style=\"text-decoration: underline;\"><span style=\"color: #000000; text-decoration: underline;\">Konzertbewertung 2012<\/span><\/span><\/h2>\n<p>&nbsp;<\/p>\n<p>Im Jahr 2012 erreichte die Trachtenmusikkapelle Sch\u00f6nb\u00fchel unter der Leitung von<\/p>\n<p><strong>Christian Amst\u00e4tter<\/strong><\/p>\n<p>mit den St\u00fccken\u00a0 &#8222;Sizilianische Geschichten&#8220; und &#8222;Checkpoint&#8220; in der Wertungstufe A einen ausgzeichneten Erfolg.<br \/>\nNachfolgend der Originalmittschnitt der Wertung<\/p>\n<p>&nbsp;<\/p>\n<p><sup>Sizilianische Geschichten<\/sup><\/p>\n<!--[if lt IE 9]><script>document.createElement('audio');<\/script><![endif]-->\n<audio class=\"wp-audio-shortcode\" id=\"audio-723-1\" preload=\"none\" style=\"width: 100%;\" controls=\"controls\"><source type=\"audio\/mpeg\" src=\"http:\/\/www.tmk-schoenbuehel.at\/wordpress\/wp-content\/uploads\/2014\/10\/Sizilianische-Geschichten.mp3?_=1\" \/><a href=\"http:\/\/www.tmk-schoenbuehel.at\/wordpress\/wp-content\/uploads\/2014\/10\/Sizilianische-Geschichten.mp3\">http:\/\/www.tmk-schoenbuehel.at\/wordpress\/wp-content\/uploads\/2014\/10\/Sizilianische-Geschichten.mp3<\/a><\/audio>\n<p>&nbsp;<\/p>\n<p><sup>Checkpoint<\/sup><\/p>\n<audio class=\"wp-audio-shortcode\" id=\"audio-723-2\" preload=\"none\" style=\"width: 100%;\" controls=\"controls\"><source type=\"audio\/mpeg\" src=\"http:\/\/www.tmk-schoenbuehel.at\/wordpress\/wp-content\/uploads\/2014\/10\/Checkpoint.mp3?_=2\" \/><a href=\"http:\/\/www.tmk-schoenbuehel.at\/wordpress\/wp-content\/uploads\/2014\/10\/Checkpoint.mp3\">http:\/\/www.tmk-schoenbuehel.at\/wordpress\/wp-content\/uploads\/2014\/10\/Checkpoint.mp3<\/a><\/audio>\n","protected":false},"excerpt":{"rendered":"<p>Musikalische Kostproben Konzertbewertung 2012 &nbsp; Im Jahr 2012 erreichte die Trachtenmusikkapelle Sch\u00f6nb\u00fchel unter der Leitung von Christian Amst\u00e4tter mit den St\u00fccken\u00a0 &#8222;Sizilianische Geschichten&#8220; und &#8222;Checkpoint&#8220; in der Wertungstufe A einen ausgzeichneten Erfolg. Nachfolgend der Originalmittschnitt der Wertung &nbsp; Sizilianische Geschichten &nbsp; Checkpoint<\/p>\n","protected":false},"author":1,"featured_media":0,"parent":11,"menu_order":40,"comment_status":"closed","ping_status":"closed","template":"page-templates\/template-full-width.php","meta":{"ngg_post_thumbnail":0,"_themeisle_gutenberg_block_has_review":false},"_links":{"self":[{"href":"http:\/\/www.tmk-schoenbuehel.at\/wordpress\/index.php?rest_route=\/wp\/v2\/pages\/723"}],"collection":[{"href":"http:\/\/www.tmk-schoenbuehel.at\/wordpress\/index.php?rest_route=\/wp\/v2\/pages"}],"about":[{"href":"http:\/\/www.tmk-schoenbuehel.at\/wordpress\/index.php?rest_route=\/wp\/v2\/types\/page"}],"author":[{"embeddable":true,"href":"http:\/\/www.tmk-schoenbuehel.at\/wordpress\/index.php?rest_route=\/wp\/v2\/users\/1"}],"replies":[{"embeddable":true,"href":"http:\/\/www.tmk-schoenbuehel.at\/wordpress\/index.php?rest_route=%2Fwp%2Fv2%2Fcomments&post=723"}],"version-history":[{"count":0,"href":"http:\/\/www.tmk-schoenbuehel.at\/wordpress\/index.php?rest_route=\/wp\/v2\/pages\/723\/revisions"}],"up":[{"embeddable":true,"href":"http:\/\/www.tmk-schoenbuehel.at\/wordpress\/index.php?rest_route=\/wp\/v2\/pages\/11"}],"wp:attachment":[{"href":"http:\/\/www.tmk-schoenbuehel.at\/wordpress\/index.php?rest_route=%2Fwp%2Fv2%2Fmedia&parent=723"}],"curies":[{"name":"wp","href":"https:\/\/api.w.org\/{rel}","templated":true}]}}