{"id":743,"date":"2014-11-01T12:43:48","date_gmt":"2014-11-01T11:43:48","guid":{"rendered":"http:\/\/www.tmk-schoenbuehel.at\/wordpress\/?page_id=743"},"modified":"2014-11-01T12:44:25","modified_gmt":"2014-11-01T11:44:25","slug":"gaestebuch","status":"publish","type":"page","link":"http:\/\/www.tmk-schoenbuehel.at\/wordpress\/?page_id=743","title":{"rendered":"G\u00e4stebuch"},"content":{"rendered":"<h1>G\u00e4stebuch<\/h1>\n<p>&nbsp;<\/p>\n<p>Die Eintr\u00e4ge werden erst nach der Pr\u00fcfung des Inhaltes freigegeben und angezeigt<\/p>\n","protected":false},"excerpt":{"rendered":"<p>G\u00e4stebuch &nbsp; Die Eintr\u00e4ge werden erst nach der Pr\u00fcfung des Inhaltes freigegeben und angezeigt<\/p>\n","protected":false},"author":1,"featured_media":0,"parent":0,"menu_order":130,"comment_status":"closed","ping_status":"open","template":"","meta":{"ngg_post_thumbnail":0,"_themeisle_gutenberg_block_has_review":false},"_links":{"self":[{"href":"http:\/\/www.tmk-schoenbuehel.at\/wordpress\/index.php?rest_route=\/wp\/v2\/pages\/743"}],"collection":[{"href":"http:\/\/www.tmk-schoenbuehel.at\/wordpress\/index.php?rest_route=\/wp\/v2\/pages"}],"about":[{"href":"http:\/\/www.tmk-schoenbuehel.at\/wordpress\/index.php?rest_route=\/wp\/v2\/types\/page"}],"author":[{"embeddable":true,"href":"http:\/\/www.tmk-schoenbuehel.at\/wordpress\/index.php?rest_route=\/wp\/v2\/users\/1"}],"replies":[{"embeddable":true,"href":"http:\/\/www.tmk-schoenbuehel.at\/wordpress\/index.php?rest_route=%2Fwp%2Fv2%2Fcomments&post=743"}],"version-history":[{"count":0,"href":"http:\/\/www.tmk-schoenbuehel.at\/wordpress\/index.php?rest_route=\/wp\/v2\/pages\/743\/revisions"}],"wp:attachment":[{"href":"http:\/\/www.tmk-schoenbuehel.at\/wordpress\/index.php?rest_route=%2Fwp%2Fv2%2Fmedia&parent=743"}],"curies":[{"name":"wp","href":"https:\/\/api.w.org\/{rel}","templated":true}]}}